{"id":83,"date":"2022-12-13T10:21:59","date_gmt":"2022-12-13T09:21:59","guid":{"rendered":"http:\/\/sub-seed.com\/?page_id=83"},"modified":"2023-12-11T09:51:05","modified_gmt":"2023-12-11T08:51:05","slug":"domaines-dintervention","status":"publish","type":"page","link":"https:\/\/sub-seed.com\/index.php\/domaines-dintervention\/","title":{"rendered":"Mon offre"},"content":{"rendered":"\n<p class=\"has-text-align-center has-text-color has-medium-font-size\" style=\"color:#253367\">Je construis mes prestations en fonction des besoins, du contexte et de l&rsquo;environnement de mes clients. J&rsquo;ai le souci d&rsquo;adapter mon offre de services au plus proche de la singularit\u00e9 de la personne et de son environnement. Mon offre s&rsquo;articule autour de 3 th\u00e8mes majeurs.<\/p>\n\n\n\n<div style=\"height:142px\" aria-hidden=\"true\" class=\"wp-block-spacer\"><\/div>\n\n\n\n<div class=\"wp-block-media-text alignwide is-stacked-on-mobile is-vertically-aligned-bottom is-image-fill\" style=\"grid-template-columns:27% auto\"><figure class=\"wp-block-media-text__media\" style=\"background-image:url(http:\/\/sub-seed.com\/wp-content\/uploads\/2023\/01\/photo-accompagnement-jeremy-dupont-683x1024.jpg);background-position:50% 50%\"><img loading=\"lazy\" decoding=\"async\" width=\"683\" height=\"1024\" src=\"http:\/\/sub-seed.com\/wp-content\/uploads\/2023\/01\/photo-accompagnement-jeremy-dupont-683x1024.jpg\" alt=\"accompagnement\" class=\"wp-image-165 size-full\" srcset=\"https:\/\/sub-seed.com\/wp-content\/uploads\/2023\/01\/photo-accompagnement-jeremy-dupont-683x1024.jpg 683w, https:\/\/sub-seed.com\/wp-content\/uploads\/2023\/01\/photo-accompagnement-jeremy-dupont-200x300.jpg 200w, https:\/\/sub-seed.com\/wp-content\/uploads\/2023\/01\/photo-accompagnement-jeremy-dupont-768x1152.jpg 768w, https:\/\/sub-seed.com\/wp-content\/uploads\/2023\/01\/photo-accompagnement-jeremy-dupont-1024x1536.jpg 1024w, https:\/\/sub-seed.com\/wp-content\/uploads\/2023\/01\/photo-accompagnement-jeremy-dupont-1365x2048.jpg 1365w, https:\/\/sub-seed.com\/wp-content\/uploads\/2023\/01\/photo-accompagnement-jeremy-dupont-40x60.jpg 40w, https:\/\/sub-seed.com\/wp-content\/uploads\/2023\/01\/photo-accompagnement-jeremy-dupont-scaled.jpg 1707w\" sizes=\"auto, (max-width: 683px) 100vw, 683px\" \/><\/figure><div class=\"wp-block-media-text__content\">\n<p class=\"has-text-align-center has-text-color has-large-font-size\" style=\"color:#253367\"><strong>Accompagnement<\/strong><\/p>\n\n\n\n<p class=\"has-text-align-center has-text-color has-medium-font-size\" style=\"color:#253367\">Vous accompagner, c\u2019est mettre \u00e0 votre service mon \u00e9coute, ma bienveillance, mon humanisme afin de d\u00e9velopper votre autonomie \u00e0 partir d&rsquo;un projet ou d&rsquo;un objectif \u00e0 atteindre, d&rsquo;une pr\u00e9occupation ou d\u2019une probl\u00e9matique.<\/p>\n\n\n\n<div class=\"wp-block-buttons is-content-justification-center is-layout-flex wp-container-core-buttons-is-layout-16018d1d wp-block-buttons-is-layout-flex\">\n<div class=\"wp-block-button is-style-fill\"><a class=\"wp-block-button__link has-text-color has-background wp-element-button\" href=\"http:\/\/sub-seed.com\/index.php\/accompagnement\/\" style=\"color:#253367;background-color:#eab037\" target=\"_blank\" rel=\"noreferrer noopener\">En savoir plus &#8211; Accompagnement<\/a><\/div>\n<\/div>\n<\/div><\/div>\n\n\n\n<div style=\"height:100px\" aria-hidden=\"true\" class=\"wp-block-spacer\"><\/div>\n\n\n\n<div class=\"wp-block-media-text alignwide is-stacked-on-mobile is-vertically-aligned-bottom is-image-fill\" style=\"grid-template-columns:27% auto\"><figure class=\"wp-block-media-text__media\" style=\"background-image:url(http:\/\/sub-seed.com\/wp-content\/uploads\/2023\/01\/photo-formation-2-jeremy-dupont-1024x683.jpg);background-position:50% 50%\"><img loading=\"lazy\" decoding=\"async\" width=\"1024\" height=\"683\" src=\"http:\/\/sub-seed.com\/wp-content\/uploads\/2023\/01\/photo-formation-2-jeremy-dupont-1024x683.jpg\" alt=\"\" class=\"wp-image-170 size-full\" srcset=\"https:\/\/sub-seed.com\/wp-content\/uploads\/2023\/01\/photo-formation-2-jeremy-dupont-1024x683.jpg 1024w, https:\/\/sub-seed.com\/wp-content\/uploads\/2023\/01\/photo-formation-2-jeremy-dupont-300x200.jpg 300w, https:\/\/sub-seed.com\/wp-content\/uploads\/2023\/01\/photo-formation-2-jeremy-dupont-768x512.jpg 768w, https:\/\/sub-seed.com\/wp-content\/uploads\/2023\/01\/photo-formation-2-jeremy-dupont-1536x1024.jpg 1536w, https:\/\/sub-seed.com\/wp-content\/uploads\/2023\/01\/photo-formation-2-jeremy-dupont-2048x1366.jpg 2048w, https:\/\/sub-seed.com\/wp-content\/uploads\/2023\/01\/photo-formation-2-jeremy-dupont-90x60.jpg 90w\" sizes=\"auto, (max-width: 1024px) 100vw, 1024px\" \/><\/figure><div class=\"wp-block-media-text__content\">\n<p class=\"has-text-align-center has-text-color has-large-font-size\" style=\"color:#253367\"><strong>Formations<\/strong><\/p>\n\n\n\n<p class=\"has-text-align-center has-text-color has-medium-font-size\" style=\"color:#253367\">Pour allier les r\u00e9sultats \u00e0 la qualit\u00e9 de la relation, j&rsquo;ai con\u00e7u pour vous des formations qui vous permettront d&rsquo;approfondir la connaissance de soi, comment je fonctionne avec moi-m\u00eame et les autres, quelles sont les ressources dont je dispose et apprendre \u00e0 les utiliser, quels sont mes pi\u00e8ges qui me mettent en situation d&rsquo;\u00e9chec ou de stress.<\/p>\n\n\n\n<div class=\"wp-block-buttons is-content-justification-center is-layout-flex wp-container-core-buttons-is-layout-16018d1d wp-block-buttons-is-layout-flex\">\n<div class=\"wp-block-button is-style-fill\"><a class=\"wp-block-button__link has-text-color has-background wp-element-button\" href=\"http:\/\/sub-seed.com\/index.php\/formations\/\" style=\"color:#253367;background-color:#eab037\" target=\"_blank\" rel=\"noreferrer noopener\">En savoir plus &#8211; Formations<\/a><\/div>\n<\/div>\n<\/div><\/div>\n\n\n\n<div style=\"height:100px\" aria-hidden=\"true\" class=\"wp-block-spacer\"><\/div>\n\n\n\n<div class=\"wp-block-media-text alignwide is-stacked-on-mobile is-vertically-aligned-bottom\" style=\"grid-template-columns:27% auto\"><figure class=\"wp-block-media-text__media\"><img loading=\"lazy\" decoding=\"async\" width=\"271\" height=\"272\" src=\"http:\/\/sub-seed.com\/wp-content\/uploads\/2023\/07\/la-methode-disc.png\" alt=\"\" class=\"wp-image-337 size-full\" srcset=\"https:\/\/sub-seed.com\/wp-content\/uploads\/2023\/07\/la-methode-disc.png 271w, https:\/\/sub-seed.com\/wp-content\/uploads\/2023\/07\/la-methode-disc-150x150.png 150w, https:\/\/sub-seed.com\/wp-content\/uploads\/2023\/07\/la-methode-disc-60x60.png 60w\" sizes=\"auto, (max-width: 271px) 100vw, 271px\" \/><\/figure><div class=\"wp-block-media-text__content\">\n<p class=\"has-text-align-center has-text-color has-large-font-size\" style=\"color:#253367\"><strong>DISC et Forces Motrices<\/strong><\/p>\n\n\n\n<p class=\"has-text-align-center has-text-color has-medium-font-size\" style=\"color:#253367\">La combinaison de l\u2019analyse DISC et des analyses Forces Motrices vous permet de r\u00e9aliser des \u00e9valuations comportementales sur les 2 niveaux suivants : le collaborateur avec 3 d\u00e9clinaisons (communication, leadership, vente) et l\u2019\u00e9quipe (avec une analyse d\u2019\u00e9quipe).<\/p>\n\n\n\n<div class=\"wp-block-buttons is-content-justification-center is-layout-flex wp-container-core-buttons-is-layout-16018d1d wp-block-buttons-is-layout-flex\">\n<div class=\"wp-block-button is-style-fill\"><a class=\"wp-block-button__link has-text-color has-background wp-element-button\" href=\"http:\/\/sub-seed.com\/index.php\/disc-et-forces-motrices\/\" style=\"color:#253367;background-color:#eab037\" target=\"_blank\" rel=\"noreferrer noopener\">En savoir plus &#8211; DISC et Forces motrices<\/a><\/div>\n<\/div>\n<\/div><\/div>\n\n\n\n<div style=\"height:100px\" aria-hidden=\"true\" class=\"wp-block-spacer\"><\/div>\n\n\n\n<ul class=\"wp-block-social-links is-content-justification-center is-layout-flex wp-container-core-social-links-is-layout-16018d1d wp-block-social-links-is-layout-flex\"><li class=\"wp-social-link wp-social-link-linkedin  wp-block-social-link\"><a rel=\"noopener nofollow\" target=\"_blank\" href=\"https:\/\/www.linkedin.com\/in\/j%C3%A9r%C3%A9my-dupont-1764ab202\/\" class=\"wp-block-social-link-anchor\"><svg width=\"24\" height=\"24\" viewBox=\"0 0 24 24\" version=\"1.1\" xmlns=\"http:\/\/www.w3.org\/2000\/svg\" aria-hidden=\"true\" focusable=\"false\"><path d=\"M19.7,3H4.3C3.582,3,3,3.582,3,4.3v15.4C3,20.418,3.582,21,4.3,21h15.4c0.718,0,1.3-0.582,1.3-1.3V4.3 C21,3.582,20.418,3,19.7,3z M8.339,18.338H5.667v-8.59h2.672V18.338z M7.004,8.574c-0.857,0-1.549-0.694-1.549-1.548 c0-0.855,0.691-1.548,1.549-1.548c0.854,0,1.547,0.694,1.547,1.548C8.551,7.881,7.858,8.574,7.004,8.574z M18.339,18.338h-2.669 v-4.177c0-0.996-0.017-2.278-1.387-2.278c-1.389,0-1.601,1.086-1.601,2.206v4.249h-2.667v-8.59h2.559v1.174h0.037 c0.356-0.675,1.227-1.387,2.526-1.387c2.703,0,3.203,1.779,3.203,4.092V18.338z\"><\/path><\/svg><span class=\"wp-block-social-link-label screen-reader-text\">LinkedIn<\/span><\/a><\/li><\/ul>\n","protected":false},"excerpt":{"rendered":"<p>Je construis mes prestations en fonction des besoins, du contexte et de l&rsquo;environnement de mes clients. J&rsquo;ai le souci d&rsquo;adapter mon offre de services au plus proche de la singularit\u00e9 de la personne et de son environnement. Mon offre s&rsquo;articule autour de 3 th\u00e8mes majeurs.<\/p>\n","protected":false},"author":1,"featured_media":0,"parent":0,"menu_order":0,"comment_status":"closed","ping_status":"closed","template":"","meta":{"footnotes":""},"class_list":["post-83","page","type-page","status-publish","hentry"],"_links":{"self":[{"href":"https:\/\/sub-seed.com\/index.php\/wp-json\/wp\/v2\/pages\/83","targetHints":{"allow":["GET"]}}],"collection":[{"href":"https:\/\/sub-seed.com\/index.php\/wp-json\/wp\/v2\/pages"}],"about":[{"href":"https:\/\/sub-seed.com\/index.php\/wp-json\/wp\/v2\/types\/page"}],"author":[{"embeddable":true,"href":"https:\/\/sub-seed.com\/index.php\/wp-json\/wp\/v2\/users\/1"}],"replies":[{"embeddable":true,"href":"https:\/\/sub-seed.com\/index.php\/wp-json\/wp\/v2\/comments?post=83"}],"version-history":[{"count":18,"href":"https:\/\/sub-seed.com\/index.php\/wp-json\/wp\/v2\/pages\/83\/revisions"}],"predecessor-version":[{"id":343,"href":"https:\/\/sub-seed.com\/index.php\/wp-json\/wp\/v2\/pages\/83\/revisions\/343"}],"wp:attachment":[{"href":"https:\/\/sub-seed.com\/index.php\/wp-json\/wp\/v2\/media?parent=83"}],"curies":[{"name":"wp","href":"https:\/\/api.w.org\/{rel}","templated":true}]}}